{"id":3937,"date":"2022-11-16T09:44:18","date_gmt":"2022-11-16T08:44:18","guid":{"rendered":"http:\/\/calreivinyes.com\/?page_id=3937"},"modified":"2025-02-21T16:07:42","modified_gmt":"2025-02-21T15:07:42","slug":"politica-cookies","status":"publish","type":"page","link":"https:\/\/calreivinyes.com\/ca\/politica-cookies\/","title":{"rendered":"Pol\u00edtica de Cookies"},"content":{"rendered":"\t\t<div data-elementor-type=\"wp-page\" data-elementor-id=\"3937\" class=\"elementor elementor-3937 elementor-16\" data-elementor-post-type=\"page\">\n\t\t\t\t\t\t<section class=\"elementor-section elementor-top-section elementor-element elementor-element-bb3b386 elementor-section-boxed elementor-section-height-default elementor-section-height-default\" data-id=\"bb3b386\" data-element_type=\"section\">\n\t\t\t\t\t\t<div class=\"elementor-container elementor-column-gap-default\">\n\t\t\t\t\t<div class=\"elementor-column elementor-col-100 elementor-top-column elementor-element elementor-element-de766ac\" data-id=\"de766ac\" data-element_type=\"column\">\n\t\t\t<div class=\"elementor-widget-wrap elementor-element-populated\">\n\t\t\t\t\t\t<div class=\"elementor-element elementor-element-c528594 elementor-widget elementor-widget-text-editor\" data-id=\"c528594\" data-element_type=\"widget\" data-widget_type=\"text-editor.default\">\n\t\t\t\t<div class=\"elementor-widget-container\">\n\t\t\t<style>\/*! elementor - v3.21.0 - 25-04-2024 *\/\n.elementor-widget-text-editor.elementor-drop-cap-view-stacked .elementor-drop-cap{background-color:#69727d;color:#fff}.elementor-widget-text-editor.elementor-drop-cap-view-framed .elementor-drop-cap{color:#69727d;border:3px solid;background-color:transparent}.elementor-widget-text-editor:not(.elementor-drop-cap-view-default) .elementor-drop-cap{margin-top:8px}.elementor-widget-text-editor:not(.elementor-drop-cap-view-default) .elementor-drop-cap-letter{width:1em;height:1em}.elementor-widget-text-editor .elementor-drop-cap{float:left;text-align:center;line-height:1;font-size:50px}.elementor-widget-text-editor .elementor-drop-cap-letter{display:inline-block}<\/style>\t\t\t\t<div class=\"elementor-element elementor-element-c99dbc0 elementor-widget elementor-widget-heading\" data-id=\"c99dbc0\" data-element_type=\"widget\" data-widget_type=\"heading.default\"><div class=\"elementor-widget-container\"><div class=\"elementor-element elementor-element-21d4550 elementor-widget elementor-widget-heading\" data-id=\"21d4550\" data-element_type=\"widget\" data-widget_type=\"heading.default\"><div class=\"elementor-widget-container\"><div class=\"elementor-element elementor-element-c99dbc0 elementor-widget elementor-widget-heading\" data-id=\"c99dbc0\" data-element_type=\"widget\" data-widget_type=\"heading.default\"><div class=\"elementor-widget-container\"><h2 class=\"elementor-heading-title elementor-size-default\">Girona Confort S.L<\/h2><\/div><\/div><\/div><\/div><div class=\"elementor-element elementor-element-24ba76c elementor-widget elementor-widget-text-editor\" data-id=\"24ba76c\" data-element_type=\"widget\" data-widget_type=\"text-editor.default\"><div class=\"elementor-widget-container\"><p>Els\u00a0 nostre lloc web utilitza una tecnologia anomenada \u201ccookie\u201d, amb la finalitat de poder obtenir informaci\u00f3 sobre l\u2019\u00fas del lloc web, millorar l\u2019experi\u00e8ncia de l\u2019usuari i garantir el seu correcte funcionament.<\/p><p><b>Definici\u00f3 de Cookie<\/b><\/p><p>Una \u201ccookie\u201d \u00e9s un petit fragment de text que els llocs web envien al navegador i que s\u2019emmagatzemen en el terminal de l\u2019usuari, (ordinador o dispositiu m\u00f2bil). Aquests arxius tenen la finalitat d\u2019emmagatzemar dades que podran ser actualitzades i recuperades per l\u2019entitat responsable de la seva instal\u00b7laci\u00f3. Aix\u00ed, cada vegada que l\u2019usuari torna a visitar el mateix lloc web, l\u2019explorador recupera l\u2019arxiu i l\u2019envia al servidor del lloc web. Les cookies tenen diverses funcions entre les que s\u2019inclouen, la de recollir informaci\u00f3 sobre les prefer\u00e8ncies de l\u2019usuari i recordar-la, i en general, facilitar l\u2019\u00fas del lloc web a l\u2019usuari fent que el lloc sigui m\u00e9s \u00fatil al personalitzar el seu contingut.<\/p><p>Les\u00a0 cookies es poden classificar en base a diferents par\u00e0metres:<\/p><p><b>1.- Titularitat:<\/b>\u00a0cookies pr\u00f2pies i cookies de tercers:\u00a0depenent de quina sigui l\u2019entitat que gestioni el domini des d\u2019on s\u2019envien les cookies i es tractin les dades que s\u2019obtinguin.<\/p><p><b>2.- Duraci\u00f3:<\/b>\u00a0cookies de sessi\u00f3 i cookies persistents:\u00a0d\u2019acord amb el termini de temps que romanen emmagatzemades al terminal de l\u2019usuari.<\/p><p><b>3.- Finalitat:<\/b>\u00a0cookies\u00a0 t\u00e8cniques, cookies de personalitzaci\u00f3, cookies d\u2019an\u00e0lisi, cookies publicit\u00e0ries, cookies de publicitat comportamental: d\u2019acord amb la finalitat per a la qual es tractin les dades obtingudes.\u00a0<\/p><ul><li aria-level=\"1\">Cookies t\u00e8cniques:\u00a0S\u00f3n aquelles que permeten a l\u2019usuari la navegaci\u00f3 a trav\u00e9s de la p\u00e0gina web o aplicaci\u00f3 i la utilitzaci\u00f3 de les diferents opcions o serveis que en ella existeixen. Per exemple, controlar el tr\u00e0nsit i la comunicaci\u00f3 de dades , identificar la sessi\u00f3\u00a0 o accedir a les parts web d\u2019acc\u00e9s restringit.\u00a0<\/li><li aria-level=\"1\">Cookies de personalitzaci\u00f3:\u00a0S\u00f3n aquelles que permeten a l\u2019usuari accedir al servei amb algunes caracter\u00edstiques de car\u00e0cter general predefinides en el seu terminal o que el propi usuari defineixi. Per exemple, l\u2019idioma, el tipus de navegador a trav\u00e9s del qual accedeix al servei o\u00a0 el disseny de continguts seleccionat.<\/li><li aria-level=\"1\">Cookies d\u2019an\u00e0lisi:\u00a0S\u00f3n aquelles que o b\u00e9\u00a0 tractades per nosaltres o per tercers, ens permeten quantificar el nombre d\u2019usuaris i aix\u00ed realitzar l\u2019an\u00e0lisi estad\u00edstic de la utilitzaci\u00f3 que fan els usuaris del servei ofert. Per aix\u00f2 s\u2019analitza la seva navegaci\u00f3 a la nostra p\u00e0gina web per tal de millorar l\u2019oferta de productes o serveis que li oferim.<\/li><li aria-level=\"1\">Cookies publicit\u00e0ries:\u00a0S\u00f3n aquelles que permeten la gesti\u00f3, de la forma m\u00e9s efica\u00e7 possible, dels espais publicitaris que, si escau, l\u2019editor hagi incl\u00f2s en una p\u00e0gina web, aplicaci\u00f3 o plataforma des de la qual presta el servei sol\u00b7licitat sobre la base de criteris com el contingut editat o la freq\u00fc\u00e8ncia en a qual es mostren els anuncis.<\/li><li aria-level=\"1\">Cookies de publicitat comportamental:\u00a0S\u00f3n aquelles que permeten la gesti\u00f3, de la manera m\u00e9s efica\u00e7 possible, dels espais publicitaris que, si escau, l\u2019editor hagi incl\u00f2s en una p\u00e0gina web, aplicaci\u00f3 o plataforma des de la que presta el servei sol\u00b7licitat. Aquestes cookies emmagatzemen informaci\u00f3 del comportament dels usuaris obtinguda a trav\u00e9s de l\u2019observaci\u00f3 continuada dels seus h\u00e0bits de navegaci\u00f3, el que permet desenvolupar un perfil espec\u00edfic per mostrar publicitat en funci\u00f3 del mateix.<\/li><\/ul><p><b>Cookies utilitzades al nostre lloc web<\/b><\/p><p>El nostre lloc web utilitza tant cookies pr\u00f2pies, que s\u00f3n les enviades al seu ordinador i gestionades exclusivament per nosaltres per al millor funcionament del lloc web, com cookies de tercers, amb la funci\u00f3 de servir per a la interacci\u00f3 dels usuaris amb nosaltres.<\/p><p>El nostre lloc web fa servir tant cookies temporals de sessi\u00f3 com cookies persistents. Les cookies de sessi\u00f3 emmagatzemen dades \u00fanicament mentre l\u2019usuari accedeix a la web i les cookies persistents emmagatzemen les dades en el terminal perqu\u00e8 siguin accedides i utilitzades en m\u00e9s d\u2019una sessi\u00f3.<\/p><p>Concretament les cookies utilitzades al nostre lloc web s\u00f3n:<\/p><p><b>Cookies pr\u00f2pies:<\/b><\/p><p>Les cookies pr\u00f2pies que fem servir en el nostre lloc web s\u00f3n de car\u00e0cter t\u00e8cnic referents a la programaci\u00f3 i la seguretat\u00a0 de la navegaci\u00f3, fonamentals per al funcionament del web, i tamb\u00e9 de personalitzaci\u00f3 per recordar l\u2019elecci\u00f3 de l\u2019idioma de navegaci\u00f3.<\/p><p><b>Cookies de tercers:<\/b><\/p><table><tbody><tr><td><p><b>Nom<\/b><\/p><\/td><td><p><b>Titular<\/b><\/p><\/td><td><p><b>Finalitat<\/b><\/p><\/td><td><p><b>Durada<\/b><\/p><\/td><\/tr><tr><td><p>_ga<\/p><p>_gid\u00a0<\/p><p>_gat<\/p><\/td><td><p>\u00a0<\/p><p><a href=\"https:\/\/developers.google.com\/analytics\/devguides\/collection\/analyticsjs\/cookie-usage?hl=es\">Google LLC.<\/a><\/p><p>(Google Analytics)<\/p><\/td><td><p><b>Anal\u00edtiques:<\/b><\/p><ul><li aria-level=\"1\">Generar un identificador d\u2019usuari \u00fanic, que \u00e9s el que s\u2019utilitza per fer recompte de quantes vegades visita el lloc un usuari, aix\u00ed com la data de la primera i l\u2019\u00faltima vegada que va visitar la web.\u00a0<\/li><li aria-level=\"1\">Registrar la data i hora d\u2019acc\u00e9s.\u00a0<\/li><li aria-level=\"1\">Comprovar la necessitat de mantenir la sessi\u00f3 d\u2019un usuari oberta o crear una nova.\u00a0<\/li><li aria-level=\"1\">Identificar la sessi\u00f3 de l\u2019usuari, per recollir la ubicaci\u00f3 geogr\u00e0fica aproximada de l\u2019ordinador que accedeix al web amb efectes estad\u00edstics.<\/li><\/ul><\/td><td><p>_ga:\u00a0 \u00a0 2 anys\u00a0<\/p><p>_gid:\u00a0 24 hores\u00a0<\/p><p>\u00a0_gat: \u00a0 1 minut<\/p><\/td><\/tr><tr><td><p>NID<\/p><\/td><td><p>\u00a0<\/p><p><a href=\"https:\/\/www.google.es\/intl\/es\/policies\/technologies\/types\/\">Google\u00a0LLC.<\/a><\/p><\/td><td><ul><li aria-level=\"1\">Emmagatzemen prefer\u00e8ncies de l\u2019usuari\u00a0<\/li><\/ul><\/td><td><p>NID: 6 mesos<\/p><\/td><\/tr><tr><td><p>IDE<\/p><\/td><td><p>\u00a0<\/p><p><a href=\"https:\/\/www.google.es\/intl\/es\/policies\/technologies\/types\/\">Google LLC.<\/a><\/p><p>(doubledlick.net)<\/p><\/td><td><ul><li aria-level=\"1\">Utilitzat per Google DoubleClick per a registrar les accions de l\u2019usuari del lloc web despr\u00e9s de veure o fer clic en un dels anuncis de l\u2019anunciant amb la finalitat de mesurar l\u2019efic\u00e0cia d\u2019un anunci i presentar anuncis dirigits a l\u2019usuari.<\/li><\/ul><\/td><td><p>1 any<\/p><\/td><\/tr><tr><td><p>VISITOR_INFO1_LIVE<\/p><p>YSC<\/p><p>CONSENT<\/p><\/td><td><p><a href=\"https:\/\/www.google.es\/intl\/es\/policies\/technologies\/types\/\">Google LLC..<\/a><\/p><p>(Youtube)<\/p><\/td><td><ul><li aria-level=\"1\">Emmagatzemar prefer\u00e8ncies de l\u2019usuari, identificar-lo durant la visualitzaci\u00f3 dels v\u00eddeos de youtube, i personalitzar anuncis.<\/li><\/ul><\/td><td><p>VISITOR_INFO1_LIVE: 9 mesos<\/p><p>YSC: 1 minut<\/p><p>CONSENT: 17 anys<\/p><\/td><\/tr><\/tbody><\/table><p>Per obtenir m\u00e9s informaci\u00f3 sobre les cookies d\u2019aquest tercer pot clicar sobre l\u2019enlla\u00e7 que hi ha al seu nom.<\/p><p>Finalment, tamb\u00e9 s\u2019utilitzen cookies de complement (plug-in) per intercanviar continguts socials.<\/p><p><b>Consentiment<\/b><\/p><p>El consentiment per a\u00a0 l\u2019\u00fas de les cookies abans enunciades, pels terminis assenyalats i en les condicions contingudes en la present Pol\u00edtica de Cookies, s\u2019obtindr\u00e0 en la forma especificada en l\u2019av\u00eds inicial d\u2019informaci\u00f3 sobre les cookies que es pot visualitzar en el moment en que carrega la nostra web.\u00a0\u00a0<\/p><p><b>Retirada del consentiment<\/b><\/p><p>L\u2019usuari podr\u00e0 retirar en qualsevol moment el seu consentiment relacionat amb aquesta Pol\u00edtica de Cookies, per aix\u00f2 haur\u00e0 d\u2019eliminar les cookies emmagatzemades en el seu equip utilitzant els ajustaments i configuracions del seu navegador d\u2019Internet.<\/p><p><b>Tauler de configuraci\u00f3 de les cookies<\/b><\/p><p><b>Com desactivar les cookies en els principals navegadors?<\/b><\/p><p>Tot i que pot variar lleugerament d\u2019una versi\u00f3 de navegador a una altra, la configuraci\u00f3 de la pol\u00edtica de cookies per als navegadors m\u00e9s utilitzats \u00e9s la seg\u00fcent:<\/p><ul><li aria-level=\"1\"><b>Internet Explorer:<\/b>\u00a0Eines -&gt; Opcions d\u2019Internet -&gt; Privacitat -&gt; Configuraci\u00f3.<\/li><li aria-level=\"1\"><b>Firefox:<\/b>\u00a0Eines -&gt; Opcions -&gt; Privacitat -&gt; Hist\u00f2ric -&gt; Configuraci\u00f3 Personalitzada.<\/li><li aria-level=\"1\"><b>Chrome:<\/b>\u00a0Configuraci\u00f3 -&gt; Mostra opcions avan\u00e7ades -&gt; Privacitat -&gt; Configuraci\u00f3 de contingut.<\/li><li aria-level=\"1\"><b>Safari:<\/b>\u00a0Prefer\u00e8ncies -&gt; Seguretat.<\/li><li aria-level=\"1\"><b>Opera:<\/b>\u00a0Configuraci\u00f3 -&gt; Privacitat i seguretat.<\/li><\/ul><p>Per a m\u00e9s informaci\u00f3, pot consultar el suport o l\u2019ajuda del seu navegador o a trav\u00e9s dels seg\u00fcents enlla\u00e7os:\u00a0<a href=\"https:\/\/support.apple.com\/kb\/ph17191?locale=es_ES\"><b>Safari<\/b><\/a><b>,\u00a0<\/b><a href=\"https:\/\/support.google.com\/chrome\/answer\/95647?hl=es\"><b>Chrome<\/b><\/a><b>,\u00a0<\/b><a href=\"https:\/\/support.mozilla.org\/es\/kb\/habilitar-y-deshabilitar-cookies-sitios-web-rastrear-preferencias?redirectlocale=es&amp;redirectslug=habilitar-y-deshabilitar-cookies-que-los-sitios-we\"><b>Firefox<\/b><\/a><b>,\u00a0<\/b><a href=\"https:\/\/support.microsoft.com\/es-es\/help\/17442\/windows-internet-explorer-delete-manage-cookies\"><b>Explorer<\/b><\/a><b>,\u00a0<\/b><a href=\"http:\/\/help.opera.com\/Windows\/11.50\/es-ES\/cookies.html\"><b>Opera<\/b><\/a><b>.<\/b><\/p><p>A m\u00e9s, tamb\u00e9 pot gestionar el magatzem de cookies al seu navegador a trav\u00e9s d\u2019eines com les seg\u00fcents:<\/p><ul><li aria-level=\"1\"><b>Your\u00a0<\/b><a href=\"http:\/\/www.youronlinechoices.com\/es\/\"><b>online<\/b><\/a><b>\u00a0choices<\/b><\/li><li aria-level=\"1\"><a href=\"http:\/\/www.ghostery.com\/\"><b>Ghostery<\/b><\/a><\/li><\/ul><p>\u00a0<\/p><p><b>Actualitzaci\u00f3 de la pol\u00edtica de cookies<\/b><\/p><p>Aquest lloc web pot modificar aquesta Pol\u00edtica sobre Cookies, per aix\u00f2 li recomanem revisar aquesta pol\u00edtica cada vegada que accedeixi al nostre lloc web per tal d\u2019estar adequadament informat sobre l\u2019\u00fas que fem de les cookies.\u00a0<\/p><\/div><\/div><\/div><\/div>\t\t\t\t\t\t<\/div>\n\t\t\t\t<\/div>\n\t\t\t\t\t<\/div>\n\t\t<\/div>\n\t\t\t\t\t<\/div>\n\t\t<\/section>\n\t\t\t\t<\/div>\n\t\t","protected":false},"excerpt":{"rendered":"<p>Girona Confort S.L Els\u00a0 nostre lloc web utilitza una tecnologia anomenada \u201ccookie\u201d, amb la finalitat de poder obtenir informaci\u00f3 sobre l\u2019\u00fas del lloc web, millorar l\u2019experi\u00e8ncia de l\u2019usuari i garantir el seu correcte funcionament. Definici\u00f3 de Cookie Una \u201ccookie\u201d \u00e9s un petit fragment de text que els llocs web envien al navegador i que s\u2019emmagatzemen [&hellip;]<\/p>\n","protected":false},"author":2,"featured_media":0,"parent":0,"menu_order":0,"comment_status":"closed","ping_status":"closed","template":"","meta":{"footnotes":""},"yoast_head":"<!-- This site is optimized with the Yoast SEO plugin v22.5 - https:\/\/yoast.com\/wordpress\/plugins\/seo\/ -->\n<title>Pol\u00edtica de Cookies - Cal Rei Vinyes<\/title>\n<meta name=\"robots\" content=\"index, follow, max-snippet:-1, max-image-preview:large, max-video-preview:-1\" \/>\n<link rel=\"canonical\" href=\"https:\/\/calreivinyes.com\/ca\/politica-cookies\/\" \/>\n<meta property=\"og:locale\" content=\"ca_ES\" \/>\n<meta property=\"og:type\" content=\"article\" \/>\n<meta property=\"og:title\" content=\"Pol\u00edtica de Cookies - Cal Rei Vinyes\" \/>\n<meta property=\"og:description\" content=\"Girona Confort S.L Els\u00a0 nostre lloc web utilitza una tecnologia anomenada \u201ccookie\u201d, amb la finalitat de poder obtenir informaci\u00f3 sobre l\u2019\u00fas del lloc web, millorar l\u2019experi\u00e8ncia de l\u2019usuari i garantir el seu correcte funcionament. Definici\u00f3 de Cookie Una \u201ccookie\u201d \u00e9s un petit fragment de text que els llocs web envien al navegador i que s\u2019emmagatzemen [&hellip;]\" \/>\n<meta property=\"og:url\" content=\"https:\/\/calreivinyes.com\/ca\/politica-cookies\/\" \/>\n<meta property=\"og:site_name\" content=\"Cal Rei Vinyes\" \/>\n<meta property=\"article:modified_time\" content=\"2025-02-21T15:07:42+00:00\" \/>\n<meta name=\"twitter:card\" content=\"summary_large_image\" \/>\n<meta name=\"twitter:label1\" content=\"Temps estimat de lectura\" \/>\n\t<meta name=\"twitter:data1\" content=\"19 minuts\" \/>\n<script type=\"application\/ld+json\" class=\"yoast-schema-graph\">{\"@context\":\"https:\/\/schema.org\",\"@graph\":[{\"@type\":\"WebPage\",\"@id\":\"https:\/\/calreivinyes.com\/ca\/politica-cookies\/\",\"url\":\"https:\/\/calreivinyes.com\/ca\/politica-cookies\/\",\"name\":\"Pol\u00edtica de Cookies - Cal Rei Vinyes\",\"isPartOf\":{\"@id\":\"https:\/\/calreivinyes.com\/#website\"},\"datePublished\":\"2022-11-16T08:44:18+00:00\",\"dateModified\":\"2025-02-21T15:07:42+00:00\",\"breadcrumb\":{\"@id\":\"https:\/\/calreivinyes.com\/ca\/politica-cookies\/#breadcrumb\"},\"inLanguage\":\"ca\",\"potentialAction\":[{\"@type\":\"ReadAction\",\"target\":[\"https:\/\/calreivinyes.com\/ca\/politica-cookies\/\"]}]},{\"@type\":\"BreadcrumbList\",\"@id\":\"https:\/\/calreivinyes.com\/ca\/politica-cookies\/#breadcrumb\",\"itemListElement\":[{\"@type\":\"ListItem\",\"position\":1,\"name\":\"Portada\",\"item\":\"https:\/\/calreivinyes.com\/ca\/\"},{\"@type\":\"ListItem\",\"position\":2,\"name\":\"Pol\u00edtica de Cookies\"}]},{\"@type\":\"WebSite\",\"@id\":\"https:\/\/calreivinyes.com\/#website\",\"url\":\"https:\/\/calreivinyes.com\/\",\"name\":\"Cal rei vinyes\",\"description\":\"\",\"publisher\":{\"@id\":\"https:\/\/calreivinyes.com\/#organization\"},\"potentialAction\":[{\"@type\":\"SearchAction\",\"target\":{\"@type\":\"EntryPoint\",\"urlTemplate\":\"https:\/\/calreivinyes.com\/?s={search_term_string}\"},\"query-input\":\"required name=search_term_string\"}],\"inLanguage\":\"ca\"},{\"@type\":\"Organization\",\"@id\":\"https:\/\/calreivinyes.com\/#organization\",\"name\":\"Cal rei vinyes\",\"url\":\"https:\/\/calreivinyes.com\/\",\"logo\":{\"@type\":\"ImageObject\",\"inLanguage\":\"ca\",\"@id\":\"https:\/\/calreivinyes.com\/#\/schema\/logo\/image\/\",\"url\":\"https:\/\/calreivinyes.com\/wp-content\/uploads\/2022\/11\/logo-cal-rei-vinyes-cast.png\",\"contentUrl\":\"https:\/\/calreivinyes.com\/wp-content\/uploads\/2022\/11\/logo-cal-rei-vinyes-cast.png\",\"width\":500,\"height\":121,\"caption\":\"Cal rei vinyes\"},\"image\":{\"@id\":\"https:\/\/calreivinyes.com\/#\/schema\/logo\/image\/\"}}]}<\/script>\n<!-- \/ Yoast SEO plugin. -->","yoast_head_json":{"title":"Pol\u00edtica de Cookies - Cal Rei Vinyes","robots":{"index":"index","follow":"follow","max-snippet":"max-snippet:-1","max-image-preview":"max-image-preview:large","max-video-preview":"max-video-preview:-1"},"canonical":"https:\/\/calreivinyes.com\/ca\/politica-cookies\/","og_locale":"ca_ES","og_type":"article","og_title":"Pol\u00edtica de Cookies - Cal Rei Vinyes","og_description":"Girona Confort S.L Els\u00a0 nostre lloc web utilitza una tecnologia anomenada \u201ccookie\u201d, amb la finalitat de poder obtenir informaci\u00f3 sobre l\u2019\u00fas del lloc web, millorar l\u2019experi\u00e8ncia de l\u2019usuari i garantir el seu correcte funcionament. Definici\u00f3 de Cookie Una \u201ccookie\u201d \u00e9s un petit fragment de text que els llocs web envien al navegador i que s\u2019emmagatzemen [&hellip;]","og_url":"https:\/\/calreivinyes.com\/ca\/politica-cookies\/","og_site_name":"Cal Rei Vinyes","article_modified_time":"2025-02-21T15:07:42+00:00","twitter_card":"summary_large_image","twitter_misc":{"Temps estimat de lectura":"19 minuts"},"schema":{"@context":"https:\/\/schema.org","@graph":[{"@type":"WebPage","@id":"https:\/\/calreivinyes.com\/ca\/politica-cookies\/","url":"https:\/\/calreivinyes.com\/ca\/politica-cookies\/","name":"Pol\u00edtica de Cookies - Cal Rei Vinyes","isPartOf":{"@id":"https:\/\/calreivinyes.com\/#website"},"datePublished":"2022-11-16T08:44:18+00:00","dateModified":"2025-02-21T15:07:42+00:00","breadcrumb":{"@id":"https:\/\/calreivinyes.com\/ca\/politica-cookies\/#breadcrumb"},"inLanguage":"ca","potentialAction":[{"@type":"ReadAction","target":["https:\/\/calreivinyes.com\/ca\/politica-cookies\/"]}]},{"@type":"BreadcrumbList","@id":"https:\/\/calreivinyes.com\/ca\/politica-cookies\/#breadcrumb","itemListElement":[{"@type":"ListItem","position":1,"name":"Portada","item":"https:\/\/calreivinyes.com\/ca\/"},{"@type":"ListItem","position":2,"name":"Pol\u00edtica de Cookies"}]},{"@type":"WebSite","@id":"https:\/\/calreivinyes.com\/#website","url":"https:\/\/calreivinyes.com\/","name":"Cal rei vinyes","description":"","publisher":{"@id":"https:\/\/calreivinyes.com\/#organization"},"potentialAction":[{"@type":"SearchAction","target":{"@type":"EntryPoint","urlTemplate":"https:\/\/calreivinyes.com\/?s={search_term_string}"},"query-input":"required name=search_term_string"}],"inLanguage":"ca"},{"@type":"Organization","@id":"https:\/\/calreivinyes.com\/#organization","name":"Cal rei vinyes","url":"https:\/\/calreivinyes.com\/","logo":{"@type":"ImageObject","inLanguage":"ca","@id":"https:\/\/calreivinyes.com\/#\/schema\/logo\/image\/","url":"https:\/\/calreivinyes.com\/wp-content\/uploads\/2022\/11\/logo-cal-rei-vinyes-cast.png","contentUrl":"https:\/\/calreivinyes.com\/wp-content\/uploads\/2022\/11\/logo-cal-rei-vinyes-cast.png","width":500,"height":121,"caption":"Cal rei vinyes"},"image":{"@id":"https:\/\/calreivinyes.com\/#\/schema\/logo\/image\/"}}]}},"_links":{"self":[{"href":"https:\/\/calreivinyes.com\/ca\/wp-json\/wp\/v2\/pages\/3937"}],"collection":[{"href":"https:\/\/calreivinyes.com\/ca\/wp-json\/wp\/v2\/pages"}],"about":[{"href":"https:\/\/calreivinyes.com\/ca\/wp-json\/wp\/v2\/types\/page"}],"author":[{"embeddable":true,"href":"https:\/\/calreivinyes.com\/ca\/wp-json\/wp\/v2\/users\/2"}],"replies":[{"embeddable":true,"href":"https:\/\/calreivinyes.com\/ca\/wp-json\/wp\/v2\/comments?post=3937"}],"version-history":[{"count":8,"href":"https:\/\/calreivinyes.com\/ca\/wp-json\/wp\/v2\/pages\/3937\/revisions"}],"predecessor-version":[{"id":3962,"href":"https:\/\/calreivinyes.com\/ca\/wp-json\/wp\/v2\/pages\/3937\/revisions\/3962"}],"wp:attachment":[{"href":"https:\/\/calreivinyes.com\/ca\/wp-json\/wp\/v2\/media?parent=3937"}],"curies":[{"name":"wp","href":"https:\/\/api.w.org\/{rel}","templated":true}]}}