{"id":3944,"date":"2022-11-16T09:45:09","date_gmt":"2022-11-16T08:45:09","guid":{"rendered":"http:\/\/calreivinyes.com\/?page_id=3944"},"modified":"2025-02-21T16:07:42","modified_gmt":"2025-02-21T15:07:42","slug":"politica-privacidad","status":"publish","type":"page","link":"https:\/\/calreivinyes.com\/ca\/politica-privacidad\/","title":{"rendered":"Po\u00edtica de Privacitat"},"content":{"rendered":"\t\t<div data-elementor-type=\"wp-page\" data-elementor-id=\"3944\" class=\"elementor elementor-3944 elementor-21\" data-elementor-post-type=\"page\">\n\t\t\t\t\t\t<section class=\"elementor-section elementor-top-section elementor-element elementor-element-3767c32 elementor-section-boxed elementor-section-height-default elementor-section-height-default\" data-id=\"3767c32\" data-element_type=\"section\">\n\t\t\t\t\t\t<div class=\"elementor-container elementor-column-gap-default\">\n\t\t\t\t\t<div class=\"elementor-column elementor-col-100 elementor-top-column elementor-element elementor-element-3b0a54a\" data-id=\"3b0a54a\" data-element_type=\"column\">\n\t\t\t<div class=\"elementor-widget-wrap elementor-element-populated\">\n\t\t\t\t\t\t<div class=\"elementor-element elementor-element-76af68f elementor-widget elementor-widget-text-editor\" data-id=\"76af68f\" data-element_type=\"widget\" data-widget_type=\"text-editor.default\">\n\t\t\t\t<div class=\"elementor-widget-container\">\n\t\t\t<style>\/*! elementor - v3.21.0 - 25-04-2024 *\/\n.elementor-widget-text-editor.elementor-drop-cap-view-stacked .elementor-drop-cap{background-color:#69727d;color:#fff}.elementor-widget-text-editor.elementor-drop-cap-view-framed .elementor-drop-cap{color:#69727d;border:3px solid;background-color:transparent}.elementor-widget-text-editor:not(.elementor-drop-cap-view-default) .elementor-drop-cap{margin-top:8px}.elementor-widget-text-editor:not(.elementor-drop-cap-view-default) .elementor-drop-cap-letter{width:1em;height:1em}.elementor-widget-text-editor .elementor-drop-cap{float:left;text-align:center;line-height:1;font-size:50px}.elementor-widget-text-editor .elementor-drop-cap-letter{display:inline-block}<\/style>\t\t\t\t<div class=\"elementor-element elementor-element-fb64dc9 elementor-widget elementor-widget-heading\" data-id=\"fb64dc9\" data-element_type=\"widget\" data-widget_type=\"heading.default\"><div class=\"elementor-widget-container\"><div class=\"elementor-element elementor-element-7c1b7ea elementor-widget elementor-widget-heading\" data-id=\"7c1b7ea\" data-element_type=\"widget\" data-widget_type=\"heading.default\"><div class=\"elementor-widget-container\"><div class=\"elementor-element elementor-element-fb64dc9 elementor-widget elementor-widget-heading\" data-id=\"fb64dc9\" data-element_type=\"widget\" data-widget_type=\"heading.default\"><div class=\"elementor-widget-container\"><h2 class=\"elementor-heading-title elementor-size-default\">Girona Confort S.L<\/h2><\/div><\/div><\/div><\/div><div class=\"elementor-element elementor-element-407e7a2 elementor-widget elementor-widget-text-editor\" data-id=\"407e7a2\" data-element_type=\"widget\" data-widget_type=\"text-editor.default\"><div class=\"elementor-widget-container\"><p>Juny 2021<\/p><p>Girona Confort S.L es compromet a protegir la privacitat dels usuaris que accedeixin a aquesta web i\/o qualsevol dels seus serveis. La utilitzaci\u00f3 de la web i\/o de qualsevol dels serveis oferts per Girona Confort S.L implica l\u2019acceptaci\u00f3 per l\u2019usuari de les disposicions contingudes en la present Pol\u00edtica de Privacitat i que les seves dades personals siguin tractades segons s\u2019estipula en ella. Si us plau, tingui en compte que tot i que hi pugui haver enlla\u00e7os de la nostra web a d\u2019altres webs, aquesta Pol\u00edtica de Privacitat no s\u2019aplica a les webs d\u2019altres companyies o organitzacions a les que la web estigui redirigida. Girona Confort S.L no controla el contingut de les webs de tercers ni accepta qualsevol responsabilitat pel contingut o les pol\u00edtiques de privacitat d\u2019aquestes webs.<\/p><p><b>Informaci\u00f3 sobre el tractament de dades (Reglament (UE) 2016\/679 i LO 3\/2018)<\/b><\/p><table><tbody><tr><td><p><b>Responsable del tractament<\/b><\/p><\/td><td><p>Girona Confort S.L<\/p><p>NIF: B59051581<\/p><p>direccions_rgpd<\/p><p>Email: reivinyes@gmail.com<i class=\"eeb-encoded dashicons-before dashicons-lock\" title=\"Email encoded successfully!\"><\/i><\/p><\/td><\/tr><tr><td><p><b>Finalitat del tractament<\/b><\/p><\/td><td><p>Oferir i gestionar els nostres serveis inform\u00e0tics.<\/p><\/td><\/tr><tr><td><p><b>Legitimaci\u00f3<\/b><\/p><\/td><td><p>De forma general la legitimaci\u00f3 per al tractament de les dades es trobar\u00e0 en el consentiment obtingut de l\u2019interessat o en la execuci\u00f3 del contracte de serveis.\u00a0<\/p><\/td><\/tr><tr><td><p><b>Destinataris<\/b><\/p><\/td><td><p>Les dades no seran comunicades a tercers, llevat que ho exigeixi una llei o sigui necessari per complir amb la finalitat del tractament.<\/p><\/td><\/tr><tr><td><p><b>Drets de les persones<\/b><\/p><\/td><td><p>Els interessats tenen dret a exercir els drets d\u2019acc\u00e9s, rectificaci\u00f3, limitaci\u00f3 de tractament, supressi\u00f3, portabilitat i oposici\u00f3, enviant la seva sol\u00b7licitud a la nostra l\u2019adre\u00e7a.<\/p><\/td><\/tr><tr><td><p><b>Termini de conservaci\u00f3 de les dades<\/b><\/p><\/td><td><p>Mentre es mantingui la relaci\u00f3 comercial o durant els anys necessaris per complir amb les obligacions legals.<\/p><\/td><\/tr><tr><td><p><b>Reclamaci\u00f3<\/b><\/p><\/td><td><p>Els interessats es poden dirigir a l\u2019AEPD per presentar la reclamaci\u00f3 que consideri oportuna.<\/p><\/td><\/tr><tr><td><p><b>Informaci\u00f3 addicional<\/b><\/p><\/td><td><p>Pot consultar la informaci\u00f3 addicional i detallada a continuaci\u00f3 a les \u201cQ\u00fcestions sobre privacitat\u201d.<\/p><\/td><\/tr><\/tbody><\/table><p><b>Q\u00fcestions sobre privacitat<\/b><\/p><p>En compliment del Reglament (UE) 2016\/679 del Parlament Europeu i del Consell, de 27 d\u2019abril de 2016, (RGPD)\u00a0i la Llei Org\u00e0nica 3\/2018, de 5 de desembre, de Protecci\u00f3 de Dades Personals i garantia dels drets digitals (LOPDGDD), li oferim la seg\u00fcent informaci\u00f3 sobre el tractament de les seves dades personals:<\/p><p><b>Qui \u00e9s el responsable del tractament de les seves dades?<\/b><\/p><p>Identitat:\u00a0<span style=\"color: var( --e-global-color-text ); font-family: var( --e-global-typography-text-font-family ), Sans-serif; font-weight: var( --e-global-typography-text-font-weight ); font-size: 1rem;\">\u00a0<\/span><span style=\"color: var( --e-global-color-text ); font-family: var( --e-global-typography-text-font-family ), Sans-serif; font-weight: var( --e-global-typography-text-font-weight ); font-size: 1rem;\">Girona Confort S.L<\/span><\/p><p>NIF:\u00a0<span style=\"color: var( --e-global-color-text ); font-family: var( --e-global-typography-text-font-family ), Sans-serif; font-weight: var( --e-global-typography-text-font-weight ); font-size: 1rem;\">B59051581<\/span><\/p><p>Adre\u00e7a:\u00a0<span style=\"color: var( --e-global-color-text ); font-family: var( --e-global-typography-text-font-family ), Sans-serif; font-weight: var( --e-global-typography-text-font-weight ); font-size: 1rem;\">direccions_rgpd<\/span><\/p><p>Tel.:\u00a0<span style=\"color: var( --e-global-color-text ); font-family: var( --e-global-typography-text-font-family ), Sans-serif; font-weight: var( --e-global-typography-text-font-weight ); font-size: 1rem;\">629 31 80 57<\/span><\/p><p>Email:\u00a0<i class=\"eeb-encoded dashicons-before dashicons-lock\" title=\"Email encoded successfully!\"><\/i><span style=\"color: var( --e-global-color-text ); font-family: var( --e-global-typography-text-font-family ), Sans-serif; font-weight: var( --e-global-typography-text-font-weight ); font-size: 1rem;\">reivinyes@gmail.com<\/span><\/p><p><b>Amb quina finalitat tractem les seves dades personals?<\/b><\/p><ul><li aria-level=\"1\">Tractem la informaci\u00f3 que se\u2019ns facilita per gestionar els nostres serveis inform\u00e0tics.<\/li><li aria-level=\"1\">En el cas que es posi en contacte amb nosaltres per fer-nos una consulta les tractarem per donar-li resposta.<\/li><li aria-level=\"1\">Si ens d\u00f3na el seu consentiment tamb\u00e9 podrem tractar les seves dades per enviar-li informaci\u00f3 sobre les nostres activitats, productes o serveis.\u00a0<\/li><\/ul><p><b>Per quant de temps conservarem les seves dades?<\/b><\/p><ul><li aria-level=\"1\">Les dades personals proporcionades es conservaran mentre sigui usuari dels nostres serveis o en vulgui rebre informaci\u00f3, at\u00e8s que pot oposar-se al tractament de les seves dades amb fins promocionals en qualsevol moment, i\u00a0 despr\u00e9s, durant el terminis establerts per complir amb les nostres obligacions legals, que en el cas documentaci\u00f3 comptable i fiscal a efectes mercantils seran 6 anys, de conformitat amb l\u2019Art. 30 del Codi Comer\u00e7, i als efectes fiscals seran 4 anys, d\u2019acord amb els articles 66 a 70 de la Llei General Tribut\u00e0ria.<\/li><\/ul><p><b>Quina \u00e9s la legitimaci\u00f3 per al tractament de les seves dades?<\/b><\/p><p>La legitimaci\u00f3 per tractar-les es troba en l\u2019execuci\u00f3 del contracte de serveis i en els consentiments que ens d\u00f3na.<\/p><p>Respecte a aquella informaci\u00f3 que sigui remesa per menors de 14 anys, ser\u00e0 requisit imprescindible que es faci amb el consentiment patern, del tutor o del legal representant del menor perqu\u00e8 les dades personals puguin ser objecte de tractament. Si no \u00e9s aix\u00ed, el representant legal del menor ens ho ha de comunicar tan aviat com en tingui coneixement.<\/p><p><b>A quins destinataris es comunicaran les seves dades?<\/b><\/p><p>Les dades no seran comunicades a tercers, llevat que ho exigeixi una llei o sigui necessari per complir amb la finalitat del tractament.<\/p><p><b>Quins s\u00f3n els seus drets quan ens facilita les seves dades?<\/b><\/p><ul><li aria-level=\"1\">Qualsevol persona t\u00e9 dret a obtenir confirmaci\u00f3 sobre si estem tractant o no\u00a0 les seves dades personals.<\/li><li aria-level=\"1\">Les persones interessades tenen dret a accedir a les seves dades personals, aix\u00ed com a sol\u00b7licitar la rectificaci\u00f3 de les dades inexactes o, si escau, sol\u00b7licitar la seva supressi\u00f3 quan, entre d\u2019altres motius, les dades ja no siguin necess\u00e0ries per a les finalitats per a les que es van recollir.<\/li><li aria-level=\"1\">En determinades circumst\u00e0ncies els interessats podran sol\u00b7licitar la limitaci\u00f3 del tractament de les seves dades, en aquest cas \u00fanicament les conservarem per a l\u2019exercici o la defensa de reclamacions.<\/li><li aria-level=\"1\">Tamb\u00e9, en determinades circumst\u00e0ncies i per motius relacionats amb la seva situaci\u00f3 particular, els interessats es poden oposar al tractament de les seves dades. En aquest cas deixarem de tractar-les, excepte per motius leg\u00edtims imperiosos o per a l\u2019exercici o la defensa de possibles reclamacions.<\/li><li aria-level=\"1\">Els interessats tamb\u00e9 tenen dret a la portabilitat de les seves dades.<\/li><li aria-level=\"1\">Qualsevol interessat t\u00e9 dret a no ser objecte d\u2019una decisi\u00f3 basada \u00fanicament en el tractament automatitzat, inclosa l\u2019elaboraci\u00f3 de perfils, que produeixi efectes jur\u00eddics que l\u2019afectin o que l\u2019afectin significativament de manera similar.<\/li><li aria-level=\"1\">Finalment, els interessats tenen dret a presentar una reclamaci\u00f3 davant l\u2019Autoritat de Control competent.<\/li><\/ul><p><b>Com pot exercir els seus drets?\u00a0<\/b><\/p><p>Enviant-nos un escrit adjuntant una c\u00f2pia d\u2019un document que l\u2019identifiqui,\u00a0 a la nostra adre\u00e7a f\u00edsica o a l\u2019electr\u00f2nica.\u00a0<\/p><p><b>Com hem obtingut les seves dades?<\/b><\/p><p>Les dades personals que tractem procedeixen del propi interessat, qui garanteix que les dades personals facilitades s\u00f3n certes i es fa responsable de comunicar-ne qualsevol modificaci\u00f3. Les dades que estiguin marcades amb un asterisc s\u00f3n obligat\u00f2ries per poder donar-li el servei sol\u00b7licitat.<\/p><p><b>Quines dades tractem?<\/b><\/p><p>Les categories de dades que\u00a0 podem tractar s\u00f3n:<\/p><ul><li aria-level=\"1\">Dades de car\u00e0cter identificatiu<\/li><li aria-level=\"1\">Adreces postals o electr\u00f2niques<\/li><li aria-level=\"1\">Dades de representants legals de persones jur\u00eddiques<\/li><\/ul><p>Les dades s\u00f3n limitades, at\u00e8s que \u00fanicament tractem les dades necess\u00e0ries per a la prestaci\u00f3 dels nostres serveis i la gesti\u00f3 de la nostra activitat.\u00a0<\/p><p><b>Realitzem transfer\u00e8ncies internacionals de dades?<\/b><\/p><p>En la prestaci\u00f3 dels nostres serveis ens valem d\u2019empreses auxiliars que tracten dades pel nostre compte fora de la Uni\u00f3 Europea. Aquestes transmissions internacionals de dades estan emparades en les Cl\u00e0usules contractuals tipus de protecci\u00f3 de dades adoptades per la Comissi\u00f3 Europea, de conformitat amb el procediment d\u2019examen a qu\u00e8 es refereix l\u2019article 93, apartat 2 del RGPD.<\/p><p><b>Utilitzem cookies?<\/b><\/p><p>Utilitzem cookies durant la navegaci\u00f3 a la nostra web amb el consentiment de l\u2019usuari.\u00a0<\/p><p>L\u2019usuari pot configurar el seu navegador perqu\u00e8 l\u2019avisi de la utilitzaci\u00f3 de cookies i per evitar-ne el seu \u00fas. Si us plau, visiti la nostra pol\u00edtica de cookies.<\/p><p><b>Quines mesures de seguretat apliquem?<\/b><\/p><p>Apliquem les mesures de seguretat establertes a l\u2019article 32 del RGPD, per tant hem adoptat les mesures de seguretat necess\u00e0ries per garantir un nivell de seguretat adequat al risc del tractament de dades que realitzem, amb mecanismes que ens permeten garantir la confidencialitat, integritat, disponibilitat i resili\u00e8ncia permanent dels sistemes i serveis de tractament.<\/p><p>Algunes d\u2019aquestes mesures s\u00f3n:<\/p><ul><li aria-level=\"1\">Informaci\u00f3 de les pol\u00edtiques de tractament de dades al personal.<\/li><li aria-level=\"1\">Realitzaci\u00f3 de\u00a0 c\u00f2pies de seguretat peri\u00f2diques.<\/li><li aria-level=\"1\">Control d\u2019acc\u00e9s a les dades.<\/li><li aria-level=\"1\">Processos de verificaci\u00f3, avaluaci\u00f3 i valoraci\u00f3 regulars.<\/li><\/ul><p><b>Com tractem les dades per compte de tercers?<\/b><\/p><p>Quan en la prestaci\u00f3 dels nostres serveis haguem de tractar dades de car\u00e0cter personal de les quals altres entitats siguin les responsables, ho farem en qualitat d\u2019encarregats del tractament, de conformitat amb el que estableix l\u2019article 28 del RGPD. Aquests tractaments de les dades personals es regularan en el corresponent contracte de tractament de dades.<\/p><\/div><\/div><\/div><\/div>\t\t\t\t\t\t<\/div>\n\t\t\t\t<\/div>\n\t\t\t\t\t<\/div>\n\t\t<\/div>\n\t\t\t\t\t<\/div>\n\t\t<\/section>\n\t\t\t\t<\/div>\n\t\t","protected":false},"excerpt":{"rendered":"<p>Girona Confort S.L Juny 2021 Girona Confort S.L es compromet a protegir la privacitat dels usuaris que accedeixin a aquesta web i\/o qualsevol dels seus serveis. La utilitzaci\u00f3 de la web i\/o de qualsevol dels serveis oferts per Girona Confort S.L implica l\u2019acceptaci\u00f3 per l\u2019usuari de les disposicions contingudes en la present Pol\u00edtica de Privacitat [&hellip;]<\/p>\n","protected":false},"author":2,"featured_media":0,"parent":0,"menu_order":0,"comment_status":"closed","ping_status":"closed","template":"","meta":{"footnotes":""},"yoast_head":"<!-- This site is optimized with the Yoast SEO plugin v22.5 - https:\/\/yoast.com\/wordpress\/plugins\/seo\/ -->\n<title>Po\u00edtica de Privacitat - Cal Rei Vinyes<\/title>\n<meta name=\"robots\" content=\"index, follow, max-snippet:-1, max-image-preview:large, max-video-preview:-1\" \/>\n<link rel=\"canonical\" href=\"https:\/\/calreivinyes.com\/ca\/politica-privacidad\/\" \/>\n<meta property=\"og:locale\" content=\"ca_ES\" \/>\n<meta property=\"og:type\" content=\"article\" \/>\n<meta property=\"og:title\" content=\"Po\u00edtica de Privacitat - Cal Rei Vinyes\" \/>\n<meta property=\"og:description\" content=\"Girona Confort S.L Juny 2021 Girona Confort S.L es compromet a protegir la privacitat dels usuaris que accedeixin a aquesta web i\/o qualsevol dels seus serveis. La utilitzaci\u00f3 de la web i\/o de qualsevol dels serveis oferts per Girona Confort S.L implica l\u2019acceptaci\u00f3 per l\u2019usuari de les disposicions contingudes en la present Pol\u00edtica de Privacitat [&hellip;]\" \/>\n<meta property=\"og:url\" content=\"https:\/\/calreivinyes.com\/ca\/politica-privacidad\/\" \/>\n<meta property=\"og:site_name\" content=\"Cal Rei Vinyes\" \/>\n<meta property=\"article:modified_time\" content=\"2025-02-21T15:07:42+00:00\" \/>\n<meta name=\"twitter:card\" content=\"summary_large_image\" \/>\n<meta name=\"twitter:label1\" content=\"Temps estimat de lectura\" \/>\n\t<meta name=\"twitter:data1\" content=\"6 minuts\" \/>\n<script type=\"application\/ld+json\" class=\"yoast-schema-graph\">{\"@context\":\"https:\/\/schema.org\",\"@graph\":[{\"@type\":\"WebPage\",\"@id\":\"https:\/\/calreivinyes.com\/ca\/politica-privacidad\/\",\"url\":\"https:\/\/calreivinyes.com\/ca\/politica-privacidad\/\",\"name\":\"Po\u00edtica de Privacitat - Cal Rei Vinyes\",\"isPartOf\":{\"@id\":\"https:\/\/calreivinyes.com\/#website\"},\"datePublished\":\"2022-11-16T08:45:09+00:00\",\"dateModified\":\"2025-02-21T15:07:42+00:00\",\"breadcrumb\":{\"@id\":\"https:\/\/calreivinyes.com\/ca\/politica-privacidad\/#breadcrumb\"},\"inLanguage\":\"ca\",\"potentialAction\":[{\"@type\":\"ReadAction\",\"target\":[\"https:\/\/calreivinyes.com\/ca\/politica-privacidad\/\"]}]},{\"@type\":\"BreadcrumbList\",\"@id\":\"https:\/\/calreivinyes.com\/ca\/politica-privacidad\/#breadcrumb\",\"itemListElement\":[{\"@type\":\"ListItem\",\"position\":1,\"name\":\"Portada\",\"item\":\"https:\/\/calreivinyes.com\/ca\/\"},{\"@type\":\"ListItem\",\"position\":2,\"name\":\"Po\u00edtica de Privacitat\"}]},{\"@type\":\"WebSite\",\"@id\":\"https:\/\/calreivinyes.com\/#website\",\"url\":\"https:\/\/calreivinyes.com\/\",\"name\":\"Cal rei vinyes\",\"description\":\"\",\"publisher\":{\"@id\":\"https:\/\/calreivinyes.com\/#organization\"},\"potentialAction\":[{\"@type\":\"SearchAction\",\"target\":{\"@type\":\"EntryPoint\",\"urlTemplate\":\"https:\/\/calreivinyes.com\/?s={search_term_string}\"},\"query-input\":\"required name=search_term_string\"}],\"inLanguage\":\"ca\"},{\"@type\":\"Organization\",\"@id\":\"https:\/\/calreivinyes.com\/#organization\",\"name\":\"Cal rei vinyes\",\"url\":\"https:\/\/calreivinyes.com\/\",\"logo\":{\"@type\":\"ImageObject\",\"inLanguage\":\"ca\",\"@id\":\"https:\/\/calreivinyes.com\/#\/schema\/logo\/image\/\",\"url\":\"https:\/\/calreivinyes.com\/wp-content\/uploads\/2022\/11\/logo-cal-rei-vinyes-cast.png\",\"contentUrl\":\"https:\/\/calreivinyes.com\/wp-content\/uploads\/2022\/11\/logo-cal-rei-vinyes-cast.png\",\"width\":500,\"height\":121,\"caption\":\"Cal rei vinyes\"},\"image\":{\"@id\":\"https:\/\/calreivinyes.com\/#\/schema\/logo\/image\/\"}}]}<\/script>\n<!-- \/ Yoast SEO plugin. -->","yoast_head_json":{"title":"Po\u00edtica de Privacitat - Cal Rei Vinyes","robots":{"index":"index","follow":"follow","max-snippet":"max-snippet:-1","max-image-preview":"max-image-preview:large","max-video-preview":"max-video-preview:-1"},"canonical":"https:\/\/calreivinyes.com\/ca\/politica-privacidad\/","og_locale":"ca_ES","og_type":"article","og_title":"Po\u00edtica de Privacitat - Cal Rei Vinyes","og_description":"Girona Confort S.L Juny 2021 Girona Confort S.L es compromet a protegir la privacitat dels usuaris que accedeixin a aquesta web i\/o qualsevol dels seus serveis. La utilitzaci\u00f3 de la web i\/o de qualsevol dels serveis oferts per Girona Confort S.L implica l\u2019acceptaci\u00f3 per l\u2019usuari de les disposicions contingudes en la present Pol\u00edtica de Privacitat [&hellip;]","og_url":"https:\/\/calreivinyes.com\/ca\/politica-privacidad\/","og_site_name":"Cal Rei Vinyes","article_modified_time":"2025-02-21T15:07:42+00:00","twitter_card":"summary_large_image","twitter_misc":{"Temps estimat de lectura":"6 minuts"},"schema":{"@context":"https:\/\/schema.org","@graph":[{"@type":"WebPage","@id":"https:\/\/calreivinyes.com\/ca\/politica-privacidad\/","url":"https:\/\/calreivinyes.com\/ca\/politica-privacidad\/","name":"Po\u00edtica de Privacitat - Cal Rei Vinyes","isPartOf":{"@id":"https:\/\/calreivinyes.com\/#website"},"datePublished":"2022-11-16T08:45:09+00:00","dateModified":"2025-02-21T15:07:42+00:00","breadcrumb":{"@id":"https:\/\/calreivinyes.com\/ca\/politica-privacidad\/#breadcrumb"},"inLanguage":"ca","potentialAction":[{"@type":"ReadAction","target":["https:\/\/calreivinyes.com\/ca\/politica-privacidad\/"]}]},{"@type":"BreadcrumbList","@id":"https:\/\/calreivinyes.com\/ca\/politica-privacidad\/#breadcrumb","itemListElement":[{"@type":"ListItem","position":1,"name":"Portada","item":"https:\/\/calreivinyes.com\/ca\/"},{"@type":"ListItem","position":2,"name":"Po\u00edtica de Privacitat"}]},{"@type":"WebSite","@id":"https:\/\/calreivinyes.com\/#website","url":"https:\/\/calreivinyes.com\/","name":"Cal rei vinyes","description":"","publisher":{"@id":"https:\/\/calreivinyes.com\/#organization"},"potentialAction":[{"@type":"SearchAction","target":{"@type":"EntryPoint","urlTemplate":"https:\/\/calreivinyes.com\/?s={search_term_string}"},"query-input":"required name=search_term_string"}],"inLanguage":"ca"},{"@type":"Organization","@id":"https:\/\/calreivinyes.com\/#organization","name":"Cal rei vinyes","url":"https:\/\/calreivinyes.com\/","logo":{"@type":"ImageObject","inLanguage":"ca","@id":"https:\/\/calreivinyes.com\/#\/schema\/logo\/image\/","url":"https:\/\/calreivinyes.com\/wp-content\/uploads\/2022\/11\/logo-cal-rei-vinyes-cast.png","contentUrl":"https:\/\/calreivinyes.com\/wp-content\/uploads\/2022\/11\/logo-cal-rei-vinyes-cast.png","width":500,"height":121,"caption":"Cal rei vinyes"},"image":{"@id":"https:\/\/calreivinyes.com\/#\/schema\/logo\/image\/"}}]}},"_links":{"self":[{"href":"https:\/\/calreivinyes.com\/ca\/wp-json\/wp\/v2\/pages\/3944"}],"collection":[{"href":"https:\/\/calreivinyes.com\/ca\/wp-json\/wp\/v2\/pages"}],"about":[{"href":"https:\/\/calreivinyes.com\/ca\/wp-json\/wp\/v2\/types\/page"}],"author":[{"embeddable":true,"href":"https:\/\/calreivinyes.com\/ca\/wp-json\/wp\/v2\/users\/2"}],"replies":[{"embeddable":true,"href":"https:\/\/calreivinyes.com\/ca\/wp-json\/wp\/v2\/comments?post=3944"}],"version-history":[{"count":5,"href":"https:\/\/calreivinyes.com\/ca\/wp-json\/wp\/v2\/pages\/3944\/revisions"}],"predecessor-version":[{"id":3949,"href":"https:\/\/calreivinyes.com\/ca\/wp-json\/wp\/v2\/pages\/3944\/revisions\/3949"}],"wp:attachment":[{"href":"https:\/\/calreivinyes.com\/ca\/wp-json\/wp\/v2\/media?parent=3944"}],"curies":[{"name":"wp","href":"https:\/\/api.w.org\/{rel}","templated":true}]}}