{"id":3966,"date":"2023-09-27T08:01:16","date_gmt":"2023-09-27T06:01:16","guid":{"rendered":"http:\/\/calreivinyes.com\/?page_id=3966"},"modified":"2025-02-21T16:07:42","modified_gmt":"2025-02-21T15:07:42","slug":"solicitar-reserva","status":"publish","type":"page","link":"https:\/\/calreivinyes.com\/ca\/solicitar-reserva\/","title":{"rendered":"Sol\u00b7licitud de Reserva"},"content":{"rendered":"\t\t<div data-elementor-type=\"wp-page\" data-elementor-id=\"3966\" class=\"elementor elementor-3966 elementor-1628\" data-elementor-post-type=\"page\">\n\t\t\t\t\t\t<section class=\"elementor-section elementor-top-section elementor-element elementor-element-25beb082 elementor-reverse-mobile elementor-section-boxed elementor-section-height-default elementor-section-height-default\" data-id=\"25beb082\" data-element_type=\"section\">\n\t\t\t\t\t\t<div class=\"elementor-container elementor-column-gap-default\">\n\t\t\t\t\t<div class=\"elementor-column elementor-col-50 elementor-top-column elementor-element elementor-element-51ef9f42\" data-id=\"51ef9f42\" data-element_type=\"column\">\n\t\t\t<div class=\"elementor-widget-wrap elementor-element-populated\">\n\t\t\t\t\t\t<div class=\"elementor-element elementor-element-577b702d elementor-widget elementor-widget-heading\" data-id=\"577b702d\" data-element_type=\"widget\" data-widget_type=\"heading.default\">\n\t\t\t\t<div class=\"elementor-widget-container\">\n\t\t\t<style>\/*! elementor - v3.21.0 - 25-04-2024 *\/\n.elementor-heading-title{padding:0;margin:0;line-height:1}.elementor-widget-heading .elementor-heading-title[class*=elementor-size-]>a{color:inherit;font-size:inherit;line-height:inherit}.elementor-widget-heading .elementor-heading-title.elementor-size-small{font-size:15px}.elementor-widget-heading .elementor-heading-title.elementor-size-medium{font-size:19px}.elementor-widget-heading .elementor-heading-title.elementor-size-large{font-size:29px}.elementor-widget-heading .elementor-heading-title.elementor-size-xl{font-size:39px}.elementor-widget-heading .elementor-heading-title.elementor-size-xxl{font-size:59px}<\/style><h2 class=\"elementor-heading-title elementor-size-default\">Disponibilitat<\/h2>\t\t<\/div>\n\t\t\t\t<\/div>\n\t\t\t\t<div class=\"elementor-element elementor-element-7f8077b elementor-widget elementor-widget-mphbe-availability-calendar\" data-id=\"7f8077b\" data-element_type=\"widget\" data-widget_type=\"mphbe-availability-calendar.default\">\n\t\t\t\t<div class=\"elementor-widget-container\">\n\t\t\t<div class=\"mphb_sc_availability_calendar-wrapper\">\t<div class=\"mphb-calendar mphb-datepick inlinePicker mphb-calendar--direct-booking\" data-room-type-id=\"1451\" data-monthstoshow=\"2\" data-is_show_prices=\"0\" data-is_truncate_prices=\"1\" data-is_show_prices_currency=\"0\" data-first_available_check_in_date=\"2026-04-19\"><\/div>\n\t<\/div>\t\t<\/div>\n\t\t\t\t<\/div>\n\t\t\t\t<div class=\"elementor-element elementor-element-c98d9f5 elementor-widget elementor-widget-menu-anchor\" data-id=\"c98d9f5\" data-element_type=\"widget\" data-widget_type=\"menu-anchor.default\">\n\t\t\t\t<div class=\"elementor-widget-container\">\n\t\t\t<style>\/*! elementor - v3.21.0 - 25-04-2024 *\/\nbody.elementor-page .elementor-widget-menu-anchor{margin-bottom:0}<\/style>\t\t<div class=\"elementor-menu-anchor\" id=\"tarifa\"><\/div>\n\t\t\t\t<\/div>\n\t\t\t\t<\/div>\n\t\t\t\t<div class=\"elementor-element elementor-element-64d2b0a2 elementor-widget elementor-widget-heading\" data-id=\"64d2b0a2\" data-element_type=\"widget\" data-widget_type=\"heading.default\">\n\t\t\t\t<div class=\"elementor-widget-container\">\n\t\t\t<h2 class=\"elementor-heading-title elementor-size-default\">Informaci\u00f3 d'inter\u00e8s:<\/h2>\t\t<\/div>\n\t\t\t\t<\/div>\n\t\t\t\t<div class=\"elementor-element elementor-element-7e3ee9b5 elementor-icon-list--layout-traditional elementor-list-item-link-full_width elementor-widget elementor-widget-icon-list\" data-id=\"7e3ee9b5\" data-element_type=\"widget\" data-widget_type=\"icon-list.default\">\n\t\t\t\t<div class=\"elementor-widget-container\">\n\t\t\t<link rel=\"stylesheet\" href=\"https:\/\/calreivinyes.com\/wp-content\/plugins\/elementor\/assets\/css\/widget-icon-list.min.css\">\t\t<ul class=\"elementor-icon-list-items\">\n\t\t\t\t\t\t\t<li class=\"elementor-icon-list-item\">\n\t\t\t\t\t\t\t\t\t\t\t<span class=\"elementor-icon-list-icon\">\n\t\t\t\t\t\t\t<i aria-hidden=\"true\" class=\"fas fa-check\"><\/i>\t\t\t\t\t\t<\/span>\n\t\t\t\t\t\t\t\t\t\t<span class=\"elementor-icon-list-text\">L\u00b4estada m\u00ednima \u00e9s de 2 nits.<\/span>\n\t\t\t\t\t\t\t\t\t<\/li>\n\t\t\t\t\t\t\t\t<li class=\"elementor-icon-list-item\">\n\t\t\t\t\t\t\t\t\t\t\t<span class=\"elementor-icon-list-icon\">\n\t\t\t\t\t\t\t<i aria-hidden=\"true\" class=\"fas fa-check\"><\/i>\t\t\t\t\t\t<\/span>\n\t\t\t\t\t\t\t\t\t\t<span class=\"elementor-icon-list-text\">A Temporada Alta ( Juliol i Agost) el lloguer \u00e9s per setmanes, de dissabte a dissabte.<\/span>\n\t\t\t\t\t\t\t\t\t<\/li>\n\t\t\t\t\t\t\t\t<li class=\"elementor-icon-list-item\">\n\t\t\t\t\t\t\t\t\t\t\t<span class=\"elementor-icon-list-icon\">\n\t\t\t\t\t\t\t<i aria-hidden=\"true\" class=\"fas fa-check\"><\/i>\t\t\t\t\t\t<\/span>\n\t\t\t\t\t\t\t\t\t\t<span class=\"elementor-icon-list-text\">El cost dels nens menors de dos anys \u00e9s gratu\u00eft.<\/span>\n\t\t\t\t\t\t\t\t\t<\/li>\n\t\t\t\t\t\t\t\t<li class=\"elementor-icon-list-item\">\n\t\t\t\t\t\t\t\t\t\t\t<span class=\"elementor-icon-list-icon\">\n\t\t\t\t\t\t\t<i aria-hidden=\"true\" class=\"fas fa-check\"><\/i>\t\t\t\t\t\t<\/span>\n\t\t\t\t\t\t\t\t\t\t<span class=\"elementor-icon-list-text\">Tenim 2 bressols i 3 trones (gratis).<\/span>\n\t\t\t\t\t\t\t\t\t<\/li>\n\t\t\t\t\t\t\t\t<li class=\"elementor-icon-list-item\">\n\t\t\t\t\t\t\t\t\t\t\t<span class=\"elementor-icon-list-icon\">\n\t\t\t\t\t\t\t<i aria-hidden=\"true\" class=\"fas fa-check\"><\/i>\t\t\t\t\t\t<\/span>\n\t\t\t\t\t\t\t\t\t\t<span class=\"elementor-icon-list-text\">Els preus no inclouen la taxa tur\u00edstica<\/span>\n\t\t\t\t\t\t\t\t\t<\/li>\n\t\t\t\t\t\t\t\t<li class=\"elementor-icon-list-item\">\n\t\t\t\t\t\t\t\t\t\t\t<span class=\"elementor-icon-list-icon\">\n\t\t\t\t\t\t\t<i aria-hidden=\"true\" class=\"fas fa-check\"><\/i>\t\t\t\t\t\t<\/span>\n\t\t\t\t\t\t\t\t\t\t<span class=\"elementor-icon-list-text\">Es demana una fian\u00e7a de 400\u20ac per estada.<\/span>\n\t\t\t\t\t\t\t\t\t<\/li>\n\t\t\t\t\t\t\t\t<li class=\"elementor-icon-list-item\">\n\t\t\t\t\t\t\t\t\t\t\t<span class=\"elementor-icon-list-icon\">\n\t\t\t\t\t\t\t<i aria-hidden=\"true\" class=\"fas fa-check\"><\/i>\t\t\t\t\t\t<\/span>\n\t\t\t\t\t\t\t\t\t\t<span class=\"elementor-icon-list-text\">No s'accepten targetes de cr\u00e8dit.<\/span>\n\t\t\t\t\t\t\t\t\t<\/li>\n\t\t\t\t\t\t<\/ul>\n\t\t\t\t<\/div>\n\t\t\t\t<\/div>\n\t\t\t\t\t<\/div>\n\t\t<\/div>\n\t\t\t\t<div class=\"elementor-column elementor-col-50 elementor-top-column elementor-element elementor-element-18858a61\" data-id=\"18858a61\" data-element_type=\"column\" data-settings=\"{&quot;background_background&quot;:&quot;classic&quot;}\">\n\t\t\t<div class=\"elementor-widget-wrap elementor-element-populated\">\n\t\t\t\t\t\t<section class=\"elementor-section elementor-inner-section elementor-element elementor-element-ffd50ed elementor-section-boxed elementor-section-height-default elementor-section-height-default\" data-id=\"ffd50ed\" data-element_type=\"section\" data-settings=\"{&quot;sticky&quot;:&quot;top&quot;,&quot;sticky_offset&quot;:100,&quot;sticky_on&quot;:[&quot;desktop&quot;,&quot;tablet&quot;],&quot;sticky_effects_offset&quot;:0}\">\n\t\t\t\t\t\t<div class=\"elementor-container elementor-column-gap-default\">\n\t\t\t\t\t<div class=\"elementor-column elementor-col-100 elementor-inner-column elementor-element elementor-element-3b29780\" data-id=\"3b29780\" data-element_type=\"column\" data-settings=\"{&quot;background_background&quot;:&quot;classic&quot;}\">\n\t\t\t<div class=\"elementor-widget-wrap elementor-element-populated\">\n\t\t\t\t\t\t<div class=\"elementor-element elementor-element-41952e77 elementor-widget elementor-widget-heading\" data-id=\"41952e77\" data-element_type=\"widget\" data-widget_type=\"heading.default\">\n\t\t\t\t<div class=\"elementor-widget-container\">\n\t\t\t<h2 class=\"elementor-heading-title elementor-size-default\">Sol\u00b7licitud de reserva<\/h2>\t\t<\/div>\n\t\t\t\t<\/div>\n\t\t\t\t<div class=\"elementor-element elementor-element-ecc9474 elementor-widget elementor-widget-mphbe-availability\" data-id=\"ecc9474\" data-element_type=\"widget\" data-settings=\"{&quot;stretch_btn&quot;:&quot;yes&quot;,&quot;hide_tips&quot;:&quot;yes&quot;,&quot;hide_labels&quot;:&quot;no&quot;,&quot;no_paddings&quot;:&quot;no&quot;}\" data-widget_type=\"mphbe-availability.default\">\n\t\t\t\t<div class=\"elementor-widget-container\">\n\t\t\t<div class=\"mphb_sc_booking_form-wrapper is-direct-booking is-style-default mphbs-hide-rf-tip mphbs-fluid-button \">\t<form method=\"POST\" action=\"https:\/\/calreivinyes.com\/ca\/detalles-de-la-reserva\/\" class=\"mphb-booking-form mphb-booking-form--direct-booking\" id=\"booking-form-1451\" data-first_available_check_in_date=\"2026-04-19\">\n\n\t\t<p class=\"mphb-required-fields-tip\"><small>Els camps requerits s\u00f3n seguits per <abbr title=\"required\">*<\/abbr><\/small><\/p>\n\t\t<input type=\"hidden\" id=\"mphb-checkout-nonce\" name=\"mphb-checkout-nonce\" value=\"4045621a6f\" \/><input type=\"hidden\" name=\"_wp_http_referer\" value=\"\/ca\/wp-json\/wp\/v2\/pages\/3966\" \/>\t\t\t\t<input type=\"hidden\" name=\"mphb_room_type_id\" value=\"1451\" \/>\n\t\t<p class=\"mphb-check-in-date-wrapper\">\n\t\t\t<label for=\"mphb_check_in_date-69e4e637a8c89\">\n\t\t\t\tData d&#039;arribada\t\t\t\t<abbr title=\"Formatat com a dd\/mm\/yyyy\">*<\/abbr>\n\t\t\t<\/label>\n\t\t\t<br \/>\n\t\t\t<input id=\"mphb_check_in_date-69e4e637a8c89\" type=\"text\" class=\"mphb-datepick\" value=\"\" required=\"required\" autocomplete=\"off\" placeholder=\"Data d&#039;arribada\" inputmode=\"none\" \/>\n\t\t\t<input id=\"mphb_check_in_date-69e4e637a8c89-hidden\" type=\"hidden\" name=\"mphb_check_in_date\" value=\"\" \/>\n\t\t<\/p>\n\t\t<p class=\"mphb-check-out-date-wrapper\">\n\t\t\t<label for=\"mphb_check_out_date-69e4e637a8c89\">\n\t\t\t\tData de sortida\t\t\t\t<abbr title=\"Formatat com a dd\/mm\/yyyy\">*<\/abbr>\n\t\t\t<\/label>\n\t\t\t<br \/>\n\t\t\t<input id=\"mphb_check_out_date-69e4e637a8c89\" type=\"text\" class=\"mphb-datepick\" value=\"\" required=\"required\" autocomplete=\"off\" placeholder=\"Data de sortida\" inputmode=\"none\" \/>\n\t\t\t<input id=\"mphb_check_out_date-69e4e637a8c89-hidden\" type=\"hidden\" name=\"mphb_check_out_date\" value=\"\" \/>\n\t\t<\/p>\n\t\t\n\t\t\t\n\t\t\t\t<input type=\"hidden\" id=\"mphb_adults-69e4e637a8c89\" name=\"mphb_adults\" value=\"1\" \/>\n\t\t\t\n\t\t\t\n\t\t\t\n\t\t\t\t<input type=\"hidden\" id=\"mphb_children-69e4e637a8c89\" name=\"mphb_children\" value=\"0\" \/>\n\n\t\t\t\t\t\t\t\t\t\t<div class=\"mphb-reserve-room-section mphb-hide\">\n\t\t\t\t<p class=\"mphb-rooms-quantity-wrapper mphb-rooms-quantity-multiple mphb-hide\">\n\t\t\t\tReserva <select class=\"mphb-rooms-quantity\" id=\"mphb-rooms-quantity-1451\" name=\"mphb_rooms_details[1451]\"><option value=\"1\" selected=\"selected\">1<\/option><\/select> de <span class=\"mphb-available-rooms-count\">1<\/span> allotjaments disponibles.\t\t\t\t<\/p>\n\t\t\t\t<p class=\"mphb-rooms-quantity-wrapper mphb-rooms-quantity-single mphb-hide\">\n\t\t\t\t\tCal Rei Vinyes est\u00e0 disponible per a les dates seleccionades.\t\t\t\t<\/p>\n\t\t\t\t\t\t\t\t\t<p class=\"mphb-period-price mphb-regular-price mphb-hide\">\n\t\t\t\t\t\t<strong>Els preus comencen a:<\/strong>\n\t\t\t\t\t<\/p>\n\t\t\t\t\t\t\t\t<input type=\"hidden\" name=\"mphb_is_direct_booking\" value=\"1\" \/>\n\t\t\t\t<input class=\"button mphb-button mphb-confirm-reservation\" type=\"submit\" value=\"Configura la seva estada\" \/>\n\t\t\t<\/div>\n\t\t\n\t\t<div class=\"mphb-errors-wrapper mphb-hide\"><\/div>\n\t\t<p class=\"mphb-reserve-btn-wrapper\">\n\t\t\t<input class=\"mphb-reserve-btn button\" type=\"submit\" value=\"Comprova la disponibilitat\" \/>\n\t\t<\/p>\n\t<\/form>\n\t<\/div>\t\t<\/div>\n\t\t\t\t<\/div>\n\t\t\t\t\t<\/div>\n\t\t<\/div>\n\t\t\t\t\t<\/div>\n\t\t<\/section>\n\t\t\t\t\t<\/div>\n\t\t<\/div>\n\t\t\t\t\t<\/div>\n\t\t<\/section>\n\t\t\t\t<\/div>\n\t\t","protected":false},"excerpt":{"rendered":"<p>Disponibilitat Informaci\u00f3 d&#8217;inter\u00e8s: L\u00b4estada m\u00ednima \u00e9s de 2 nits. A Temporada Alta ( Juliol i Agost) el lloguer \u00e9s per setmanes, de dissabte a dissabte. El cost dels nens menors de dos anys \u00e9s gratu\u00eft. Tenim 2 bressols i 3 trones (gratis). Els preus no inclouen la taxa tur\u00edstica Es demana una fian\u00e7a de 400\u20ac [&hellip;]<\/p>\n","protected":false},"author":2,"featured_media":0,"parent":0,"menu_order":0,"comment_status":"closed","ping_status":"closed","template":"","meta":{"footnotes":""},"yoast_head":"<!-- This site is optimized with the Yoast SEO plugin v22.5 - https:\/\/yoast.com\/wordpress\/plugins\/seo\/ -->\n<title>Sol\u00b7licitud de Reserva - Cal Rei Vinyes<\/title>\n<meta name=\"robots\" content=\"index, follow, max-snippet:-1, max-image-preview:large, max-video-preview:-1\" \/>\n<link rel=\"canonical\" href=\"https:\/\/calreivinyes.com\/ca\/solicitar-reserva\/\" \/>\n<meta property=\"og:locale\" content=\"ca_ES\" \/>\n<meta property=\"og:type\" content=\"article\" \/>\n<meta property=\"og:title\" content=\"Sol\u00b7licitud de Reserva - Cal Rei Vinyes\" \/>\n<meta property=\"og:description\" content=\"Disponibilitat Informaci\u00f3 d&#8217;inter\u00e8s: L\u00b4estada m\u00ednima \u00e9s de 2 nits. A Temporada Alta ( Juliol i Agost) el lloguer \u00e9s per setmanes, de dissabte a dissabte. El cost dels nens menors de dos anys \u00e9s gratu\u00eft. Tenim 2 bressols i 3 trones (gratis). Els preus no inclouen la taxa tur\u00edstica Es demana una fian\u00e7a de 400\u20ac [&hellip;]\" \/>\n<meta property=\"og:url\" content=\"https:\/\/calreivinyes.com\/ca\/solicitar-reserva\/\" \/>\n<meta property=\"og:site_name\" content=\"Cal Rei Vinyes\" \/>\n<meta property=\"article:modified_time\" content=\"2025-02-21T15:07:42+00:00\" \/>\n<meta name=\"twitter:card\" content=\"summary_large_image\" \/>\n<meta name=\"twitter:label1\" content=\"Temps estimat de lectura\" \/>\n\t<meta name=\"twitter:data1\" content=\"2 minuts\" \/>\n<script type=\"application\/ld+json\" class=\"yoast-schema-graph\">{\"@context\":\"https:\/\/schema.org\",\"@graph\":[{\"@type\":\"WebPage\",\"@id\":\"https:\/\/calreivinyes.com\/ca\/solicitar-reserva\/\",\"url\":\"https:\/\/calreivinyes.com\/ca\/solicitar-reserva\/\",\"name\":\"Sol\u00b7licitud de Reserva - Cal Rei Vinyes\",\"isPartOf\":{\"@id\":\"https:\/\/calreivinyes.com\/#website\"},\"datePublished\":\"2023-09-27T06:01:16+00:00\",\"dateModified\":\"2025-02-21T15:07:42+00:00\",\"breadcrumb\":{\"@id\":\"https:\/\/calreivinyes.com\/ca\/solicitar-reserva\/#breadcrumb\"},\"inLanguage\":\"ca\",\"potentialAction\":[{\"@type\":\"ReadAction\",\"target\":[\"https:\/\/calreivinyes.com\/ca\/solicitar-reserva\/\"]}]},{\"@type\":\"BreadcrumbList\",\"@id\":\"https:\/\/calreivinyes.com\/ca\/solicitar-reserva\/#breadcrumb\",\"itemListElement\":[{\"@type\":\"ListItem\",\"position\":1,\"name\":\"Portada\",\"item\":\"https:\/\/calreivinyes.com\/ca\/\"},{\"@type\":\"ListItem\",\"position\":2,\"name\":\"Sol\u00b7licitud de Reserva\"}]},{\"@type\":\"WebSite\",\"@id\":\"https:\/\/calreivinyes.com\/#website\",\"url\":\"https:\/\/calreivinyes.com\/\",\"name\":\"Cal rei vinyes\",\"description\":\"\",\"publisher\":{\"@id\":\"https:\/\/calreivinyes.com\/#organization\"},\"potentialAction\":[{\"@type\":\"SearchAction\",\"target\":{\"@type\":\"EntryPoint\",\"urlTemplate\":\"https:\/\/calreivinyes.com\/?s={search_term_string}\"},\"query-input\":\"required name=search_term_string\"}],\"inLanguage\":\"ca\"},{\"@type\":\"Organization\",\"@id\":\"https:\/\/calreivinyes.com\/#organization\",\"name\":\"Cal rei vinyes\",\"url\":\"https:\/\/calreivinyes.com\/\",\"logo\":{\"@type\":\"ImageObject\",\"inLanguage\":\"ca\",\"@id\":\"https:\/\/calreivinyes.com\/#\/schema\/logo\/image\/\",\"url\":\"https:\/\/calreivinyes.com\/wp-content\/uploads\/2022\/11\/logo-cal-rei-vinyes-cast.png\",\"contentUrl\":\"https:\/\/calreivinyes.com\/wp-content\/uploads\/2022\/11\/logo-cal-rei-vinyes-cast.png\",\"width\":500,\"height\":121,\"caption\":\"Cal rei vinyes\"},\"image\":{\"@id\":\"https:\/\/calreivinyes.com\/#\/schema\/logo\/image\/\"}}]}<\/script>\n<!-- \/ Yoast SEO plugin. -->","yoast_head_json":{"title":"Sol\u00b7licitud de Reserva - Cal Rei Vinyes","robots":{"index":"index","follow":"follow","max-snippet":"max-snippet:-1","max-image-preview":"max-image-preview:large","max-video-preview":"max-video-preview:-1"},"canonical":"https:\/\/calreivinyes.com\/ca\/solicitar-reserva\/","og_locale":"ca_ES","og_type":"article","og_title":"Sol\u00b7licitud de Reserva - Cal Rei Vinyes","og_description":"Disponibilitat Informaci\u00f3 d&#8217;inter\u00e8s: L\u00b4estada m\u00ednima \u00e9s de 2 nits. A Temporada Alta ( Juliol i Agost) el lloguer \u00e9s per setmanes, de dissabte a dissabte. El cost dels nens menors de dos anys \u00e9s gratu\u00eft. Tenim 2 bressols i 3 trones (gratis). Els preus no inclouen la taxa tur\u00edstica Es demana una fian\u00e7a de 400\u20ac [&hellip;]","og_url":"https:\/\/calreivinyes.com\/ca\/solicitar-reserva\/","og_site_name":"Cal Rei Vinyes","article_modified_time":"2025-02-21T15:07:42+00:00","twitter_card":"summary_large_image","twitter_misc":{"Temps estimat de lectura":"2 minuts"},"schema":{"@context":"https:\/\/schema.org","@graph":[{"@type":"WebPage","@id":"https:\/\/calreivinyes.com\/ca\/solicitar-reserva\/","url":"https:\/\/calreivinyes.com\/ca\/solicitar-reserva\/","name":"Sol\u00b7licitud de Reserva - Cal Rei Vinyes","isPartOf":{"@id":"https:\/\/calreivinyes.com\/#website"},"datePublished":"2023-09-27T06:01:16+00:00","dateModified":"2025-02-21T15:07:42+00:00","breadcrumb":{"@id":"https:\/\/calreivinyes.com\/ca\/solicitar-reserva\/#breadcrumb"},"inLanguage":"ca","potentialAction":[{"@type":"ReadAction","target":["https:\/\/calreivinyes.com\/ca\/solicitar-reserva\/"]}]},{"@type":"BreadcrumbList","@id":"https:\/\/calreivinyes.com\/ca\/solicitar-reserva\/#breadcrumb","itemListElement":[{"@type":"ListItem","position":1,"name":"Portada","item":"https:\/\/calreivinyes.com\/ca\/"},{"@type":"ListItem","position":2,"name":"Sol\u00b7licitud de Reserva"}]},{"@type":"WebSite","@id":"https:\/\/calreivinyes.com\/#website","url":"https:\/\/calreivinyes.com\/","name":"Cal rei vinyes","description":"","publisher":{"@id":"https:\/\/calreivinyes.com\/#organization"},"potentialAction":[{"@type":"SearchAction","target":{"@type":"EntryPoint","urlTemplate":"https:\/\/calreivinyes.com\/?s={search_term_string}"},"query-input":"required name=search_term_string"}],"inLanguage":"ca"},{"@type":"Organization","@id":"https:\/\/calreivinyes.com\/#organization","name":"Cal rei vinyes","url":"https:\/\/calreivinyes.com\/","logo":{"@type":"ImageObject","inLanguage":"ca","@id":"https:\/\/calreivinyes.com\/#\/schema\/logo\/image\/","url":"https:\/\/calreivinyes.com\/wp-content\/uploads\/2022\/11\/logo-cal-rei-vinyes-cast.png","contentUrl":"https:\/\/calreivinyes.com\/wp-content\/uploads\/2022\/11\/logo-cal-rei-vinyes-cast.png","width":500,"height":121,"caption":"Cal rei vinyes"},"image":{"@id":"https:\/\/calreivinyes.com\/#\/schema\/logo\/image\/"}}]}},"_links":{"self":[{"href":"https:\/\/calreivinyes.com\/ca\/wp-json\/wp\/v2\/pages\/3966"}],"collection":[{"href":"https:\/\/calreivinyes.com\/ca\/wp-json\/wp\/v2\/pages"}],"about":[{"href":"https:\/\/calreivinyes.com\/ca\/wp-json\/wp\/v2\/types\/page"}],"author":[{"embeddable":true,"href":"https:\/\/calreivinyes.com\/ca\/wp-json\/wp\/v2\/users\/2"}],"replies":[{"embeddable":true,"href":"https:\/\/calreivinyes.com\/ca\/wp-json\/wp\/v2\/comments?post=3966"}],"version-history":[{"count":91,"href":"https:\/\/calreivinyes.com\/ca\/wp-json\/wp\/v2\/pages\/3966\/revisions"}],"predecessor-version":[{"id":7492,"href":"https:\/\/calreivinyes.com\/ca\/wp-json\/wp\/v2\/pages\/3966\/revisions\/7492"}],"wp:attachment":[{"href":"https:\/\/calreivinyes.com\/ca\/wp-json\/wp\/v2\/media?parent=3966"}],"curies":[{"name":"wp","href":"https:\/\/api.w.org\/{rel}","templated":true}]}}